{"id":6272,"date":"2021-03-16T14:16:33","date_gmt":"2021-03-16T13:16:33","guid":{"rendered":"https:\/\/saltaguiden.se\/hallbarhet\/"},"modified":"2024-09-26T17:13:22","modified_gmt":"2024-09-26T15:13:22","slug":"sustainability","status":"publish","type":"page","link":"https:\/\/saltaguiden.se\/en\/sustainability\/","title":{"rendered":"Sustainability"},"content":{"rendered":"<div class=\"wpb-content-wrapper\">[vc_row full_width=&#8221;stretch_row&#8221; content_placement=&#8221;middle&#8221; disable_element=&#8221;yes&#8221; css=&#8221;.vc_custom_1632869696631{padding-top: 60px !important;padding-bottom: 40px !important;background-color: #383d47 !important;}&#8221;][vc_column width=&#8221;1\/3&#8243;]<style>.vcex-icon-box.vcex_69f516eda400e .vcex-icon-box-content{color:#dddddd;}.vcex-icon-box.vcex_69f516eda400e .vcex-icon-box-heading{margin-bottom:0px;color:#ffffff;font-size:18px;}.vcex-icon-box.vcex_69f516eda400e .vcex-icon-box-icon{font-size:48px;color:#8ca7ba;}<\/style><div class=\"vcex-module vcex-icon-box vcex-icon-box-one wpex-flex wpex-text-left vcex_69f516eda400e\"><div class=\"vcex-icon-box-symbol vcex-icon-box-symbol--icon wpex-flex-shrink-0 wpex-mr-20\"><div class=\"vcex-icon-box-icon wpex-items-center wpex-justify-center wpex-child-inherit-color wpex-text-center wpex-leading-none wpex-flex wpex-text-1\"><span class=\"wpex-flex wpex-icon--w vc_li vc_li-phone\" aria-hidden=\"true\"><\/span><\/div><\/div><div class=\"vcex-icon-box-text wpex-flex-grow\"><h2 class=\"vcex-icon-box-heading wpex-heading\">Call us<\/h2><div class=\"vcex-icon-box-content wpex-last-mb-0 wpex-clr\"><p>+46 (0)705 77 64 22<\/p>\n<\/div><\/div><\/div>[\/vc_column][vc_column width=&#8221;1\/3&#8243;]<style>.vcex-icon-box.vcex_69f516eda4bb4 .vcex-icon-box-content{color:#dddddd;}.vcex-icon-box.vcex_69f516eda4bb4 .vcex-icon-box-heading{margin-bottom:0px;color:#ffffff;font-size:18px;}.vcex-icon-box.vcex_69f516eda4bb4 .vcex-icon-box-icon{font-size:48px;color:#8ca7ba;}<\/style><div class=\"vcex-module vcex-icon-box vcex-icon-box-one wpex-flex wpex-text-left vcex_69f516eda4bb4\"><div class=\"vcex-icon-box-symbol vcex-icon-box-symbol--icon wpex-flex-shrink-0 wpex-mr-20\"><div class=\"vcex-icon-box-icon wpex-items-center wpex-justify-center wpex-child-inherit-color wpex-text-center wpex-leading-none wpex-flex wpex-text-1\"><span class=\"wpex-flex wpex-icon--w vc_li vc_li-mail\" aria-hidden=\"true\"><\/span><\/div><\/div><div class=\"vcex-icon-box-text wpex-flex-grow\"><h2 class=\"vcex-icon-box-heading wpex-heading\">Send an email<\/h2><div class=\"vcex-icon-box-content wpex-last-mb-0 wpex-clr\"><p>info@saltaguiden.se<\/p>\n<\/div><\/div><\/div>[\/vc_column][vc_column width=&#8221;1\/3&#8243;]<style>.vcex-icon-box.vcex_69f516eda50ad .vcex-icon-box-content{color:#dddddd;}.vcex-icon-box.vcex_69f516eda50ad .vcex-icon-box-heading{margin-bottom:0px;color:#ffffff;font-size:18px;}.vcex-icon-box.vcex_69f516eda50ad .vcex-icon-box-icon{font-size:48px;color:#8ca7ba;}<\/style><div class=\"vcex-module vcex-icon-box vcex-icon-box-one wpex-flex wpex-text-left vcex_69f516eda50ad\"><div class=\"vcex-icon-box-symbol vcex-icon-box-symbol--icon wpex-flex-shrink-0 wpex-mr-20\"><div class=\"vcex-icon-box-icon wpex-items-center wpex-justify-center wpex-child-inherit-color wpex-text-center wpex-leading-none wpex-flex wpex-text-1\"><span class=\"wpex-flex wpex-icon--w vc_li vc_li-location\" aria-hidden=\"true\"><\/span><\/div><\/div><div class=\"vcex-icon-box-text wpex-flex-grow\"><h2 class=\"vcex-icon-box-heading wpex-heading\">Visit us<\/h2><div class=\"vcex-icon-box-content wpex-last-mb-0 wpex-clr\"><p>Apoteksgatan 13, Lysekil, Sweden<\/p>\n<\/div><\/div><\/div>[\/vc_column][\/vc_row][vc_row full_width=&#8221;stretch_row&#8221; css=&#8221;.vc_custom_1700047009499{padding-top: 30px !important;padding-bottom: 30px !important;background-color: #dcede1 !important;}&#8221;][vc_column]<h3 class=\"vcex-heading vcex-heading-plain vcex-module wpex-heading wpex-text-2xl vc_custom_1648196443883\"><span class=\"vcex-heading-inner wpex-inline-block\">Sustainable working practices<\/span><\/h3><div class=\"vcex-spacing wpex-w-100 wpex-clear\" style=\"height:15px;\"><\/div>[vc_column_text css=&#8221;&#8221;]The company&#8217;s main &#8220;product&#8221; is West Sweden&#8217;s fantastic nature and culture and we are an <a href=\"https:\/\/saltaguiden.se\/en\/ecotourism\/\">ecotourism <\/a>company . That&#8217;s why it is important to work sustainably and to give back. Caring is an approach: To take care of water, nature and the environment, not least the climate, and work in harmony with them as far as possible. To favour the small-scale, locally rooted and to use principles such as &#8220;leave no trace, take only photos and rubbish&#8221;. The company is also approved by the Nature&#8217;s Best quality label, as 1 of 3 companies in the Bohusl\u00e4n province.[\/vc_column_text][\/vc_column][\/vc_row][vc_row full_width=&#8221;stretch_row&#8221; css=&#8221;.vc_custom_1700047075417{padding-top: 30px !important;padding-bottom: 30px !important;background-color: #dcede1 !important;}&#8221;][vc_column width=&#8221;1\/2&#8243;]<h3 class=\"vcex-heading vcex-heading-plain vcex-module wpex-heading wpex-text-2xl vc_custom_1632869473547\"><span class=\"vcex-heading-inner wpex-inline-block\">Sustainable experiences<\/span><\/h3><div class=\"vcex-spacing wpex-w-100 wpex-clear\" style=\"height:5px;\"><\/div>[vc_column_text]Salta guiden offers guided experiences and activities all year round, for groups, conferences as well as Swedish individuals. The company works partly with nature activities and offers hiking, kayaking and dining experiences. It also offers cultural tourism, where a place or province is experienced and the visitor gets a relationship with the place. In addition to its own tours, guide assignments are made for travel agencies, visitor destinations, accommodation facilities, cruise ships and passenger boats and for other activity companies. Salta Guiden&#8217;s experiences are based on the company&#8217;s <strong><a href=\"https:\/\/saltaguiden.se\/en\/ecotourism\/\">ecotourism policy<\/a><\/strong>.[\/vc_column_text][vc_column_text]\n<h2 style=\"text-align: left;\">Contributes to employment<\/h2>\n<p style=\"text-align: left;\">Salta guiden offers quality group programs to travel operators, which makes groups choose West Sweden as a destination for their trip. In doing so, Salta Guiden generates multi-day hotel stays, visits to restaurants and attractions and spreads knowledge about Westsweden and Scandinavia. Guests travel together by bus or by ship to West Sweden.<\/p>\n[\/vc_column_text][vc_column_text]\n<h2>Sustainable cooperation<\/h2>\n<p>I collaborate with companies that work with sustainability and seasonal local ingredients chosen with care; for example, langoustines fished by pots, instead of with a trawl. As a tourism entrepreneur, I want to contribute to a vibrant countryside with year-round open businesses with local jobs. Therefore, I collaborate with other local companies in the locations where I guide. I choose companies with local roots and local employees, and mainly year-round open companies. In this way, I support local businesses and contribute to a year-round open location, which is good for the residents and also for the guests.[\/vc_column_text][\/vc_column][vc_column width=&#8221;1\/2&#8243;][vc_single_image image=&#8221;251&#8243;][vc_single_image image=&#8221;160&#8243;][\/vc_column][\/vc_row][vc_row full_width=&#8221;stretch_row&#8221; css=&#8221;.vc_custom_1706696406245{padding-top: 30px !important;padding-bottom: 30px !important;background-color: #ece5d9 !important;}&#8221;][vc_column]<div class=\"vcex-spacing wpex-w-100 wpex-clear\"><\/div><div class=\"vcex-module vcex-feature-box vcex-feature-box--stackable wpex-flex wpex-flex-col wpex-sm-flex-row wpex-sm-justify-between wpex-gap-30 left-image-right-content\"><div class=\"vcex-feature-box-media wpex-sm-w-50 wpex-sm-text-left\"><div class=\"vcex-feature-box-image wpex-relative\"><img loading=\"lazy\" class=\"wpex-align-middle wpex-object-cover\" decoding=\"async\" src=\"https:\/\/saltaguiden.se\/wp-content\/uploads\/2024\/01\/NBS_LOGO_rund_svart_text_webb-400x388.png\" alt=\"Salta Guiden \u00e4r godk\u00e4nt ekoturismf\u00f6retag inom kvalitetsm\u00e4rkningen Nature&#039;s  Best. H\u00e4r ser du NB:s logotyp.\" srcset=\"https:\/\/saltaguiden.se\/wp-content\/uploads\/2024\/01\/NBS_LOGO_rund_svart_text_webb-400x388.png 400w, https:\/\/saltaguiden.se\/wp-content\/uploads\/2024\/01\/NBS_LOGO_rund_svart_text_webb.png 576w\" width=\"400\" height=\"388\"><\/div><\/div><div class=\"vcex-feature-box-content wpex-sm-w-50\"><h3 class=\"vcex-feature-box-heading wpex-heading wpex-text-lg wpex-mb-20\">We are sustainability audited - Nature's Best<\/h3><div class=\"vcex-feature-box-text wpex-last-mb-0 wpex-clr\"><p>Salta Guiden is an approved ecotourism organizer within the <strong>Nature&#8217;s Best<\/strong> quality label. We have undergone the audit and meet its high demands for sustainable and environmentally friendly operations, with care for nature. If you want to travel and experience in a sustainable way &#8211; choose companies that work with ecotourism. Read more and get inspired by the <a href=\"https:\/\/naturesbestsweden.com\" target=\"_blank\" rel=\"noopener\">Nature&#8217;s Best<\/a> website. Salta guiden is a member of The Swedish Nature and Ecotourism Association (Naturturismf\u00f6retagen), where all members work for the sustainable development of the industry.<\/p>\n<\/div><\/div><\/div><div class=\"vcex-spacing wpex-w-100 wpex-clear\"><\/div>[\/vc_column][\/vc_row][vc_row full_width=&#8221;stretch_row&#8221; css=&#8221;.vc_custom_1706696518684{padding-top: 45px !important;padding-bottom: 30px !important;background-color: #d8e5e7 !important;}&#8221;][vc_column]<h3 class=\"vcex-heading vcex-heading-plain vcex-module wpex-heading wpex-text-2xl vc_custom_1698243507609\"><span class=\"vcex-heading-inner wpex-inline-block\">While working, this is how Salta Guiden can make sustainable choices and contribute to a sustainable tourism industry:<\/span><\/h3><div class=\"vcex-spacing wpex-w-100 wpex-clear\"><\/div>[vc_column_text]\n<h2 style=\"text-align: center;\">Nature tours<\/h2>\n<p style=\"text-align: left;\">Hiking and kayaking have a low environmental footprint. Groups are small to avoid unnecessary wear and tear on nature. The principle is: &#8220;leave only footprints, take only photos and trash home with you&#8221;. No disposable materials are used. The company works with the West Coast Foundation to showcase the nature reserves, spread knowledge and joy about our nature. To get more people to appreciate and respect nature and the values it stands for. We are also a proud partner of the national park Tresticklan. Salta guiden is a member of The Swedish Nature and Ecotourism Association, where all members work for the sustainable development of the industry.<\/p>\n[\/vc_column_text][vc_column_text]\n<h2 style=\"text-align: center;\">Cultural guided tours<\/h2>\n<p style=\"text-align: left;\">Salta guiden offers cultural guiding in a number of places in Bohusl\u00e4n and western Sweden. By highlighting culture, understanding, belonging and community are created between people. Newcomers get a relationship with the place, young people get a time perspective and many get an explanation of why things are as they are today. Local traditions, food and businesses are highlighted and given the chance to live on.<\/p>\n[\/vc_column_text][vc_column_text]\n<h2 style=\"text-align: center;\">Extra arrangements<\/h2>\n<p style=\"text-align: left;\">These are deliberately placed outside the summer period. This creates an incentive to travel and the program includes both Saturday and Sunday so overnight stays are created. Lectures in rented association premises and restaurant visits are also included.<\/p>\n[\/vc_column_text][\/vc_column][\/vc_row][vc_row][vc_column][\/vc_column][\/vc_row]\n<\/div>","protected":false},"excerpt":{"rendered":"<p>[vc_row full_width=&#8221;stretch_row&#8221; content_placement=&#8221;middle&#8221; disable_element=&#8221;yes&#8221; css=&#8221;.vc_custom_1632869696631{padding-top: 60px !important;padding-bottom: 40px !important;background-color: #383d47 !important;}&#8221;][vc_column width=&#8221;1\/3&#8243;][\/vc_column][vc_column width=&#8221;1\/3&#8243;][\/vc_column][vc_column width=&#8221;1\/3&#8243;][\/vc_column][\/vc_row][vc_row full_width=&#8221;stretch_row&#8221; css=&#8221;.vc_custom_1700047009499{padding-top: 30px !important;padding-bottom: 30px !important;background-color: #dcede1 !important;}&#8221;][vc_column][vc_column_text css=&#8221;&#8221;]The company&#8217;s main &#8220;product&#8221; is West Sweden&#8217;s fantastic nature and culture and we are an ecotourism company . That&#8217;s why it is important to work sustainably and to give back. Caring is an&hellip;<\/p>\n","protected":false},"author":1,"featured_media":858,"parent":0,"menu_order":0,"comment_status":"closed","ping_status":"closed","template":"","meta":{"footnotes":""},"class_list":["post-6272","page","type-page","status-publish","has-post-thumbnail","hentry","entry","has-media"],"yoast_head":"<!-- This site is optimized with the Yoast SEO plugin v27.4 - https:\/\/yoast.com\/product\/yoast-seo-wordpress\/ -->\n<title>Sustainability | Salta Guiden<\/title>\n<meta name=\"robots\" content=\"index, follow, max-snippet:-1, max-image-preview:large, max-video-preview:-1\" \/>\n<link rel=\"canonical\" href=\"https:\/\/saltaguiden.se\/en\/sustainability\/\" \/>\n<meta property=\"og:locale\" content=\"en_US\" \/>\n<meta property=\"og:type\" content=\"article\" \/>\n<meta property=\"og:title\" content=\"Sustainability | Salta Guiden\" \/>\n<meta property=\"og:description\" content=\"[vc_row full_width=&#8221;stretch_row&#8221; content_placement=&#8221;middle&#8221; disable_element=&#8221;yes&#8221; css=&#8221;.vc_custom_1632869696631{padding-top: 60px !important;padding-bottom: 40px !important;background-color: #383d47 !important;}&#8221;][vc_column width=&#8221;1\/3&#8243;][\/vc_column][vc_column width=&#8221;1\/3&#8243;][\/vc_column][vc_column width=&#8221;1\/3&#8243;][\/vc_column][\/vc_row][vc_row full_width=&#8221;stretch_row&#8221; css=&#8221;.vc_custom_1700047009499{padding-top: 30px !important;padding-bottom: 30px !important;background-color: #dcede1 !important;}&#8221;][vc_column][vc_column_text css=&#8221;&#8221;]The company&#8217;s main &#8220;product&#8221; is West Sweden&#8217;s fantastic nature and culture and we are an ecotourism company . That&#8217;s why it is important to work sustainably and to give back. Caring is an&hellip;\" \/>\n<meta property=\"og:url\" content=\"https:\/\/saltaguiden.se\/en\/sustainability\/\" \/>\n<meta property=\"og:site_name\" content=\"Salta Guiden\" \/>\n<meta property=\"article:publisher\" content=\"https:\/\/www.facebook.com\/saltaguiden\" \/>\n<meta property=\"article:modified_time\" content=\"2024-09-26T15:13:22+00:00\" \/>\n<meta property=\"og:image\" content=\"https:\/\/saltaguiden.se\/wp-content\/uploads\/2018\/01\/vacker.jpg\" \/>\n\t<meta property=\"og:image:width\" content=\"800\" \/>\n\t<meta property=\"og:image:height\" content=\"533\" \/>\n\t<meta property=\"og:image:type\" content=\"image\/jpeg\" \/>\n<meta name=\"twitter:card\" content=\"summary_large_image\" \/>\n<meta name=\"twitter:label1\" content=\"Est. reading time\" \/>\n\t<meta name=\"twitter:data1\" content=\"5 minutes\" \/>\n<script type=\"application\/ld+json\" class=\"yoast-schema-graph\">{\"@context\":\"https:\\\/\\\/schema.org\",\"@graph\":[{\"@type\":\"WebPage\",\"@id\":\"https:\\\/\\\/saltaguiden.se\\\/en\\\/sustainability\\\/\",\"url\":\"https:\\\/\\\/saltaguiden.se\\\/en\\\/sustainability\\\/\",\"name\":\"Sustainability | Salta Guiden\",\"isPartOf\":{\"@id\":\"https:\\\/\\\/saltaguiden.se\\\/#website\"},\"primaryImageOfPage\":{\"@id\":\"https:\\\/\\\/saltaguiden.se\\\/en\\\/sustainability\\\/#primaryimage\"},\"image\":{\"@id\":\"https:\\\/\\\/saltaguiden.se\\\/en\\\/sustainability\\\/#primaryimage\"},\"thumbnailUrl\":\"https:\\\/\\\/saltaguiden.se\\\/wp-content\\\/uploads\\\/2018\\\/01\\\/vacker.jpg\",\"datePublished\":\"2021-03-16T13:16:33+00:00\",\"dateModified\":\"2024-09-26T15:13:22+00:00\",\"breadcrumb\":{\"@id\":\"https:\\\/\\\/saltaguiden.se\\\/en\\\/sustainability\\\/#breadcrumb\"},\"inLanguage\":\"en-US\",\"potentialAction\":[{\"@type\":\"ReadAction\",\"target\":[\"https:\\\/\\\/saltaguiden.se\\\/en\\\/sustainability\\\/\"]}]},{\"@type\":\"ImageObject\",\"inLanguage\":\"en-US\",\"@id\":\"https:\\\/\\\/saltaguiden.se\\\/en\\\/sustainability\\\/#primaryimage\",\"url\":\"https:\\\/\\\/saltaguiden.se\\\/wp-content\\\/uploads\\\/2018\\\/01\\\/vacker.jpg\",\"contentUrl\":\"https:\\\/\\\/saltaguiden.se\\\/wp-content\\\/uploads\\\/2018\\\/01\\\/vacker.jpg\",\"width\":800,\"height\":533,\"caption\":\"blomma v\u00e5rblommor\"},{\"@type\":\"BreadcrumbList\",\"@id\":\"https:\\\/\\\/saltaguiden.se\\\/en\\\/sustainability\\\/#breadcrumb\",\"itemListElement\":[{\"@type\":\"ListItem\",\"position\":1,\"name\":\"Home\",\"item\":\"https:\\\/\\\/saltaguiden.se\\\/en\\\/\"},{\"@type\":\"ListItem\",\"position\":2,\"name\":\"Sustainability\"}]},{\"@type\":\"WebSite\",\"@id\":\"https:\\\/\\\/saltaguiden.se\\\/#website\",\"url\":\"https:\\\/\\\/saltaguiden.se\\\/\",\"name\":\"Salta Guiden West Sweden\",\"description\":\"En till WordPress-webbplats\",\"publisher\":{\"@id\":\"https:\\\/\\\/saltaguiden.se\\\/#organization\"},\"potentialAction\":[{\"@type\":\"SearchAction\",\"target\":{\"@type\":\"EntryPoint\",\"urlTemplate\":\"https:\\\/\\\/saltaguiden.se\\\/?s={search_term_string}\"},\"query-input\":{\"@type\":\"PropertyValueSpecification\",\"valueRequired\":true,\"valueName\":\"search_term_string\"}}],\"inLanguage\":\"en-US\"},{\"@type\":\"Organization\",\"@id\":\"https:\\\/\\\/saltaguiden.se\\\/#organization\",\"name\":\"Salta Guiden\",\"url\":\"https:\\\/\\\/saltaguiden.se\\\/\",\"logo\":{\"@type\":\"ImageObject\",\"inLanguage\":\"en-US\",\"@id\":\"https:\\\/\\\/saltaguiden.se\\\/#\\\/schema\\\/logo\\\/image\\\/\",\"url\":\"https:\\\/\\\/saltaguiden.se\\\/wp-content\\\/uploads\\\/2020\\\/07\\\/logo_salta_guiden.jpg\",\"contentUrl\":\"https:\\\/\\\/saltaguiden.se\\\/wp-content\\\/uploads\\\/2020\\\/07\\\/logo_salta_guiden.jpg\",\"width\":184,\"height\":35,\"caption\":\"Salta Guiden\"},\"image\":{\"@id\":\"https:\\\/\\\/saltaguiden.se\\\/#\\\/schema\\\/logo\\\/image\\\/\"},\"sameAs\":[\"https:\\\/\\\/www.facebook.com\\\/saltaguiden\",\"https:\\\/\\\/www.instagram.com\\\/bohuslanguidedtours\\\/\"]}]}<\/script>\n<!-- \/ Yoast SEO plugin. -->","yoast_head_json":{"title":"Sustainability | Salta Guiden","robots":{"index":"index","follow":"follow","max-snippet":"max-snippet:-1","max-image-preview":"max-image-preview:large","max-video-preview":"max-video-preview:-1"},"canonical":"https:\/\/saltaguiden.se\/en\/sustainability\/","og_locale":"en_US","og_type":"article","og_title":"Sustainability | Salta Guiden","og_description":"[vc_row full_width=&#8221;stretch_row&#8221; content_placement=&#8221;middle&#8221; disable_element=&#8221;yes&#8221; css=&#8221;.vc_custom_1632869696631{padding-top: 60px !important;padding-bottom: 40px !important;background-color: #383d47 !important;}&#8221;][vc_column width=&#8221;1\/3&#8243;][\/vc_column][vc_column width=&#8221;1\/3&#8243;][\/vc_column][vc_column width=&#8221;1\/3&#8243;][\/vc_column][\/vc_row][vc_row full_width=&#8221;stretch_row&#8221; css=&#8221;.vc_custom_1700047009499{padding-top: 30px !important;padding-bottom: 30px !important;background-color: #dcede1 !important;}&#8221;][vc_column][vc_column_text css=&#8221;&#8221;]The company&#8217;s main &#8220;product&#8221; is West Sweden&#8217;s fantastic nature and culture and we are an ecotourism company . That&#8217;s why it is important to work sustainably and to give back. Caring is an&hellip;","og_url":"https:\/\/saltaguiden.se\/en\/sustainability\/","og_site_name":"Salta Guiden","article_publisher":"https:\/\/www.facebook.com\/saltaguiden","article_modified_time":"2024-09-26T15:13:22+00:00","og_image":[{"width":800,"height":533,"url":"https:\/\/saltaguiden.se\/wp-content\/uploads\/2018\/01\/vacker.jpg","type":"image\/jpeg"}],"twitter_card":"summary_large_image","twitter_misc":{"Est. reading time":"5 minutes"},"schema":{"@context":"https:\/\/schema.org","@graph":[{"@type":"WebPage","@id":"https:\/\/saltaguiden.se\/en\/sustainability\/","url":"https:\/\/saltaguiden.se\/en\/sustainability\/","name":"Sustainability | Salta Guiden","isPartOf":{"@id":"https:\/\/saltaguiden.se\/#website"},"primaryImageOfPage":{"@id":"https:\/\/saltaguiden.se\/en\/sustainability\/#primaryimage"},"image":{"@id":"https:\/\/saltaguiden.se\/en\/sustainability\/#primaryimage"},"thumbnailUrl":"https:\/\/saltaguiden.se\/wp-content\/uploads\/2018\/01\/vacker.jpg","datePublished":"2021-03-16T13:16:33+00:00","dateModified":"2024-09-26T15:13:22+00:00","breadcrumb":{"@id":"https:\/\/saltaguiden.se\/en\/sustainability\/#breadcrumb"},"inLanguage":"en-US","potentialAction":[{"@type":"ReadAction","target":["https:\/\/saltaguiden.se\/en\/sustainability\/"]}]},{"@type":"ImageObject","inLanguage":"en-US","@id":"https:\/\/saltaguiden.se\/en\/sustainability\/#primaryimage","url":"https:\/\/saltaguiden.se\/wp-content\/uploads\/2018\/01\/vacker.jpg","contentUrl":"https:\/\/saltaguiden.se\/wp-content\/uploads\/2018\/01\/vacker.jpg","width":800,"height":533,"caption":"blomma v\u00e5rblommor"},{"@type":"BreadcrumbList","@id":"https:\/\/saltaguiden.se\/en\/sustainability\/#breadcrumb","itemListElement":[{"@type":"ListItem","position":1,"name":"Home","item":"https:\/\/saltaguiden.se\/en\/"},{"@type":"ListItem","position":2,"name":"Sustainability"}]},{"@type":"WebSite","@id":"https:\/\/saltaguiden.se\/#website","url":"https:\/\/saltaguiden.se\/","name":"Salta Guiden West Sweden","description":"En till WordPress-webbplats","publisher":{"@id":"https:\/\/saltaguiden.se\/#organization"},"potentialAction":[{"@type":"SearchAction","target":{"@type":"EntryPoint","urlTemplate":"https:\/\/saltaguiden.se\/?s={search_term_string}"},"query-input":{"@type":"PropertyValueSpecification","valueRequired":true,"valueName":"search_term_string"}}],"inLanguage":"en-US"},{"@type":"Organization","@id":"https:\/\/saltaguiden.se\/#organization","name":"Salta Guiden","url":"https:\/\/saltaguiden.se\/","logo":{"@type":"ImageObject","inLanguage":"en-US","@id":"https:\/\/saltaguiden.se\/#\/schema\/logo\/image\/","url":"https:\/\/saltaguiden.se\/wp-content\/uploads\/2020\/07\/logo_salta_guiden.jpg","contentUrl":"https:\/\/saltaguiden.se\/wp-content\/uploads\/2020\/07\/logo_salta_guiden.jpg","width":184,"height":35,"caption":"Salta Guiden"},"image":{"@id":"https:\/\/saltaguiden.se\/#\/schema\/logo\/image\/"},"sameAs":["https:\/\/www.facebook.com\/saltaguiden","https:\/\/www.instagram.com\/bohuslanguidedtours\/"]}]}},"_links":{"self":[{"href":"https:\/\/saltaguiden.se\/en\/wp-json\/wp\/v2\/pages\/6272","targetHints":{"allow":["GET"]}}],"collection":[{"href":"https:\/\/saltaguiden.se\/en\/wp-json\/wp\/v2\/pages"}],"about":[{"href":"https:\/\/saltaguiden.se\/en\/wp-json\/wp\/v2\/types\/page"}],"author":[{"embeddable":true,"href":"https:\/\/saltaguiden.se\/en\/wp-json\/wp\/v2\/users\/1"}],"replies":[{"embeddable":true,"href":"https:\/\/saltaguiden.se\/en\/wp-json\/wp\/v2\/comments?post=6272"}],"version-history":[{"count":9,"href":"https:\/\/saltaguiden.se\/en\/wp-json\/wp\/v2\/pages\/6272\/revisions"}],"predecessor-version":[{"id":6283,"href":"https:\/\/saltaguiden.se\/en\/wp-json\/wp\/v2\/pages\/6272\/revisions\/6283"}],"wp:featuredmedia":[{"embeddable":true,"href":"https:\/\/saltaguiden.se\/en\/wp-json\/wp\/v2\/media\/858"}],"wp:attachment":[{"href":"https:\/\/saltaguiden.se\/en\/wp-json\/wp\/v2\/media?parent=6272"}],"curies":[{"name":"wp","href":"https:\/\/api.w.org\/{rel}","templated":true}]}}