{"id":1127,"date":"2019-09-19T10:17:33","date_gmt":"2019-09-19T08:17:33","guid":{"rendered":"http:\/\/saltaguiden.se\/contact\/"},"modified":"2024-09-26T16:38:51","modified_gmt":"2024-09-26T14:38:51","slug":"contact","status":"publish","type":"page","link":"https:\/\/saltaguiden.se\/en\/contact\/","title":{"rendered":"Contact"},"content":{"rendered":"<div class=\"wpb-content-wrapper\">[vc_row full_width=&#8221;stretch_row&#8221; content_placement=&#8221;middle&#8221; css=&#8221;.vc_custom_1503196142632{padding-top: 60px !important;padding-bottom: 40px !important;background-color: #383d47 !important;}&#8221;][vc_column width=&#8221;1\/3&#8243;]<style>.vcex-icon-box.vcex_69f311dcc0076 .vcex-icon-box-content{color:#dddddd;}.vcex-icon-box.vcex_69f311dcc0076 .vcex-icon-box-heading{margin-bottom:0px;color:#ffffff;font-size:18px;}.vcex-icon-box.vcex_69f311dcc0076 .vcex-icon-box-icon{font-size:48px;color:#8ca7ba;}<\/style><div class=\"vcex-module vcex-icon-box vcex-icon-box-one wpex-flex wpex-text-left vcex_69f311dcc0076\"><div class=\"vcex-icon-box-symbol vcex-icon-box-symbol--icon wpex-flex-shrink-0 wpex-mr-20\"><div class=\"vcex-icon-box-icon wpex-items-center wpex-justify-center wpex-child-inherit-color wpex-text-center wpex-leading-none wpex-flex wpex-text-1\"><span class=\"wpex-flex wpex-icon--w vc_li vc_li-phone\" aria-hidden=\"true\"><\/span><\/div><\/div><div class=\"vcex-icon-box-text wpex-flex-grow\"><h2 class=\"vcex-icon-box-heading wpex-heading\">Call us<\/h2><div class=\"vcex-icon-box-content wpex-last-mb-0 wpex-clr\"><p>+46 (0)705-77 64 22<\/p>\n<\/div><\/div><\/div>[\/vc_column][vc_column width=&#8221;1\/3&#8243;]<style>.vcex-icon-box.vcex_69f311dcc0f2c .vcex-icon-box-content{color:#dddddd;}.vcex-icon-box.vcex_69f311dcc0f2c .vcex-icon-box-heading{margin-bottom:0px;color:#ffffff;font-size:18px;}.vcex-icon-box.vcex_69f311dcc0f2c .vcex-icon-box-icon{font-size:48px;color:#8ca7ba;}<\/style><div class=\"vcex-module vcex-icon-box vcex-icon-box-one wpex-flex wpex-text-left vcex_69f311dcc0f2c\"><div class=\"vcex-icon-box-symbol vcex-icon-box-symbol--icon wpex-flex-shrink-0 wpex-mr-20\"><div class=\"vcex-icon-box-icon wpex-items-center wpex-justify-center wpex-child-inherit-color wpex-text-center wpex-leading-none wpex-flex wpex-text-1\"><span class=\"wpex-flex wpex-icon--w vc_li vc_li-mail\" aria-hidden=\"true\"><\/span><\/div><\/div><div class=\"vcex-icon-box-text wpex-flex-grow\"><h2 class=\"vcex-icon-box-heading wpex-heading\">Get in touch<\/h2><div class=\"vcex-icon-box-content wpex-last-mb-0 wpex-clr\"><p>info@saltaguiden.se<\/p>\n<\/div><\/div><\/div>[\/vc_column][vc_column width=&#8221;1\/3&#8243;]<style>.vcex-icon-box.vcex_69f311dcc147a .vcex-icon-box-content{color:#dddddd;}.vcex-icon-box.vcex_69f311dcc147a .vcex-icon-box-heading{margin-bottom:0px;color:#ffffff;font-size:18px;}.vcex-icon-box.vcex_69f311dcc147a .vcex-icon-box-icon{font-size:48px;color:#8ca7ba;}<\/style><div class=\"vcex-module vcex-icon-box vcex-icon-box-one wpex-flex wpex-text-left vcex_69f311dcc147a\"><div class=\"vcex-icon-box-symbol vcex-icon-box-symbol--icon wpex-flex-shrink-0 wpex-mr-20\"><div class=\"vcex-icon-box-icon wpex-items-center wpex-justify-center wpex-child-inherit-color wpex-text-center wpex-leading-none wpex-flex wpex-text-1\"><span class=\"wpex-flex wpex-icon--w vc_li vc_li-location\" aria-hidden=\"true\"><\/span><\/div><\/div><div class=\"vcex-icon-box-text wpex-flex-grow\"><h2 class=\"vcex-icon-box-heading wpex-heading\">Visiting address<\/h2><div class=\"vcex-icon-box-content wpex-last-mb-0 wpex-clr\"><p>Apoteksgatan 13,<br \/>\nLysekil, Sweden<\/p>\n<\/div><\/div><\/div>[\/vc_column][\/vc_row][vc_row full_width=&#8221;stretch_row&#8221; column_spacing=&#8221;60&#8243; css=&#8221;.vc_custom_1503529621355{padding-top: 60px !important;background-position: center !important;background-repeat: no-repeat !important;background-size: cover !important;}&#8221;][vc_column width=&#8221;1\/2&#8243;]<h3 class=\"vcex-heading vcex-heading-plain vcex-module wpex-heading wpex-text-2xl vc_custom_1568881100760\"><span class=\"vcex-heading-inner wpex-inline-block\">Finding us<\/span><\/h3>[vc_gmaps link=&#8221;#E-8_JTNDaWZyYW1lJTIwc3JjJTNEJTIyaHR0cHMlM0ElMkYlMkZ3d3cuZ29vZ2xlLmNvbSUyRm1hcHMlMkZlbWJlZCUzRnBiJTNEJTIxMW0xOCUyMTFtMTIlMjExbTMlMjExZDUzNjMyOS44NDA4OTU4OTkxJTIxMmQxMS44MzU5Mjk2MzQzNzA2MjklMjEzZDU4LjMyNzkyODM3OTk3MDkwNiUyMTJtMyUyMTFmMCUyMTJmMCUyMTNmMCUyMTNtMiUyMTFpMTAyNCUyMTJpNzY4JTIxNGYxMy4xJTIxM20zJTIxMW0yJTIxMXMweDQ2NDVhM2NhODZiYTlkMjklMjUzQTB4ZDZiZjMyNzQ1NDc5MTFhNyUyMTJzQXBvdGVrc2dhdGFuJTI1MjAxMyUyNTJDJTI1MjA0NTMlMjUyMDMzJTI1MjBMeXNla2lsJTIxNWUwJTIxM20yJTIxMXNzdiUyMTJzc2UlMjE0djE1Njg4ODMwNjcwMjAlMjE1bTIlMjExc3N2JTIxMnNzZSUyMiUyMHdpZHRoJTNEJTIyNjAwJTIyJTIwaGVpZ2h0JTNEJTIyNDIwJTIyJTIwZnJhbWVib3JkZXIlM0QlMjIwJTIyJTIwc3R5bGUlM0QlMjJib3JkZXIlM0EwJTNCJTIyJTIwYWxsb3dmdWxsc2NyZWVuJTNEJTIyJTIyJTNFJTNDJTJGaWZyYW1lJTNF&#8221;]<div class=\"vcex-spacing wpex-w-100 wpex-clear\"><\/div>[\/vc_column][vc_column width=&#8221;1\/2&#8243;]<h3 class=\"vcex-heading vcex-heading-plain vcex-module wpex-heading wpex-text-2xl vc_custom_1568901764262\"><span class=\"vcex-heading-inner wpex-inline-block\">Send us a message<\/span><\/h3><div class=\"vcex-form-shortcode vcex-module wpex-form wpex-m-auto wpex-max-w-100 wpex-form-min full-width-input\">\n<div class=\"wpcf7 no-js\" id=\"wpcf7-f4-o1\" lang=\"en-US\" dir=\"ltr\" data-wpcf7-id=\"4\">\n<div class=\"screen-reader-response\"><p role=\"status\" aria-live=\"polite\" aria-atomic=\"true\"><\/p> <ul><\/ul><\/div>\n<form action=\"\/en\/wp-json\/wp\/v2\/pages\/1127#wpcf7-f4-o1\" method=\"post\" class=\"wpcf7-form init\" aria-label=\"Contact form\" novalidate=\"novalidate\" data-status=\"init\">\n<fieldset class=\"hidden-fields-container\"><input type=\"hidden\" name=\"_wpcf7\" value=\"4\" \/><input type=\"hidden\" name=\"_wpcf7_version\" value=\"6.1.5\" \/><input type=\"hidden\" name=\"_wpcf7_locale\" value=\"en_US\" \/><input type=\"hidden\" name=\"_wpcf7_unit_tag\" value=\"wpcf7-f4-o1\" \/><input type=\"hidden\" name=\"_wpcf7_container_post\" value=\"0\" \/><input type=\"hidden\" name=\"_wpcf7_posted_data_hash\" value=\"\" \/><input type=\"hidden\" name=\"_wpcf7_recaptcha_response\" value=\"\" \/>\n<\/fieldset>\n<p><span class=\"wpcf7-form-control-wrap\" data-name=\"your-name\"><input size=\"40\" maxlength=\"400\" class=\"wpcf7-form-control wpcf7-text wpcf7-validates-as-required\" aria-required=\"true\" aria-invalid=\"false\" value=\"Name\" type=\"text\" name=\"your-name\" \/><\/span>\n<\/p>\n<p><span class=\"wpcf7-form-control-wrap\" data-name=\"your-email\"><input size=\"40\" maxlength=\"400\" class=\"wpcf7-form-control wpcf7-email wpcf7-validates-as-required wpcf7-text wpcf7-validates-as-email\" aria-required=\"true\" aria-invalid=\"false\" value=\"Email\" type=\"email\" name=\"your-email\" \/><\/span>\n<\/p>\n<p><span class=\"wpcf7-form-control-wrap\" data-name=\"your-message\"><textarea cols=\"40\" rows=\"10\" maxlength=\"2000\" class=\"wpcf7-form-control wpcf7-textarea\" aria-invalid=\"false\" name=\"your-message\">Message<\/textarea><\/span>\n<\/p>\n<p><span class=\"wpcf7-form-control-wrap wpgdprc\"><span class=\"wpcf7-form-control wpcf7-wpgdprc wpcf7-validates-as-required\"><span class=\"wpcf7-list-item\"><input type=\"checkbox\" name=\"wpgdprc\" value=\"1\" aria-required=\"true\" aria-invalid=\"false\" \/><span class=\"wpcf7-list-item-label\">Ja, jag vet vad GDPR \u00e4r och ger ok p\u00e5 att s\u00e4nda mina personuppgifter till er s\u00e5 vi f\u00e5r kontakt. Jag \u00e4r ok med att Salta guiden anv\u00e4nder dem f\u00f6r kontakt.<\/span><\/span><\/span>    <\/span>\n<\/p>\n<p><input class=\"wpcf7-form-control wpcf7-submit has-spinner\" type=\"submit\" value=\"Send Message\" \/>\n<\/p><p style=\"display: none !important;\" class=\"akismet-fields-container\" data-prefix=\"_wpcf7_ak_\"><label>&#916;<textarea name=\"_wpcf7_ak_hp_textarea\" cols=\"45\" rows=\"8\" maxlength=\"100\"><\/textarea><\/label><input type=\"hidden\" id=\"ak_js_1\" name=\"_wpcf7_ak_js\" value=\"108\"\/><script>document.getElementById( \"ak_js_1\" ).setAttribute( \"value\", ( new Date() ).getTime() );<\/script><\/p><div class=\"wpcf7-response-output\" aria-hidden=\"true\"><\/div>\n<\/form>\n<\/div>\n<\/div>[\/vc_column][\/vc_row]\n<\/div>","protected":false},"excerpt":{"rendered":"<p>[vc_row full_width=&#8221;stretch_row&#8221; content_placement=&#8221;middle&#8221; css=&#8221;.vc_custom_1503196142632{padding-top: 60px !important;padding-bottom: 40px !important;background-color: #383d47 !important;}&#8221;][vc_column width=&#8221;1\/3&#8243;][\/vc_column][vc_column width=&#8221;1\/3&#8243;][\/vc_column][vc_column width=&#8221;1\/3&#8243;][\/vc_column][\/vc_row][vc_row full_width=&#8221;stretch_row&#8221; column_spacing=&#8221;60&#8243; css=&#8221;.vc_custom_1503529621355{padding-top: 60px !important;background-position: center !important;background-repeat: no-repeat !important;background-size: cover !important;}&#8221;][vc_column width=&#8221;1\/2&#8243;][vc_gmaps link=&#8221;#E-8_JTNDaWZyYW1lJTIwc3JjJTNEJTIyaHR0cHMlM0ElMkYlMkZ3d3cuZ29vZ2xlLmNvbSUyRm1hcHMlMkZlbWJlZCUzRnBiJTNEJTIxMW0xOCUyMTFtMTIlMjExbTMlMjExZDUzNjMyOS44NDA4OTU4OTkxJTIxMmQxMS44MzU5Mjk2MzQzNzA2MjklMjEzZDU4LjMyNzkyODM3OTk3MDkwNiUyMTJtMyUyMTFmMCUyMTJmMCUyMTNmMCUyMTNtMiUyMTFpMTAyNCUyMTJpNzY4JTIxNGYxMy4xJTIxM20zJTIxMW0yJTIxMXMweDQ2NDVhM2NhODZiYTlkMjklMjUzQTB4ZDZiZjMyNzQ1NDc5MTFhNyUyMTJzQXBvdGVrc2dhdGFuJTI1MjAxMyUyNTJDJTI1MjA0NTMlMjUyMDMzJTI1MjBMeXNla2lsJTIxNWUwJTIxM20yJTIxMXNzdiUyMTJzc2UlMjE0djE1Njg4ODMwNjcwMjAlMjE1bTIlMjExc3N2JTIxMnNzZSUyMiUyMHdpZHRoJTNEJTIyNjAwJTIyJTIwaGVpZ2h0JTNEJTIyNDIwJTIyJTIwZnJhbWVib3JkZXIlM0QlMjIwJTIyJTIwc3R5bGUlM0QlMjJib3JkZXIlM0EwJTNCJTIyJTIwYWxsb3dmdWxsc2NyZWVuJTNEJTIyJTIyJTNFJTNDJTJGaWZyYW1lJTNF&#8221;][\/vc_column][vc_column width=&#8221;1\/2&#8243;][\/vc_column][\/vc_row]<\/p>\n","protected":false},"author":1,"featured_media":0,"parent":0,"menu_order":0,"comment_status":"closed","ping_status":"closed","template":"","meta":{"footnotes":""},"class_list":["post-1127","page","type-page","status-publish","hentry","entry","no-media"],"yoast_head":"<!-- This site is optimized with the Yoast SEO plugin v27.4 - https:\/\/yoast.com\/product\/yoast-seo-wordpress\/ -->\n<title>Contact | Salta Guiden<\/title>\n<meta name=\"robots\" content=\"index, follow, max-snippet:-1, max-image-preview:large, max-video-preview:-1\" \/>\n<link rel=\"canonical\" href=\"https:\/\/saltaguiden.se\/en\/contact\/\" \/>\n<meta property=\"og:locale\" content=\"en_US\" \/>\n<meta property=\"og:type\" content=\"article\" \/>\n<meta property=\"og:title\" content=\"Contact | Salta Guiden\" \/>\n<meta property=\"og:description\" content=\"[vc_row full_width=&#8221;stretch_row&#8221; content_placement=&#8221;middle&#8221; css=&#8221;.vc_custom_1503196142632{padding-top: 60px !important;padding-bottom: 40px !important;background-color: #383d47 !important;}&#8221;][vc_column width=&#8221;1\/3&#8243;][\/vc_column][vc_column width=&#8221;1\/3&#8243;][\/vc_column][vc_column width=&#8221;1\/3&#8243;][\/vc_column][\/vc_row][vc_row full_width=&#8221;stretch_row&#8221; column_spacing=&#8221;60&#8243; css=&#8221;.vc_custom_1503529621355{padding-top: 60px !important;background-position: center !important;background-repeat: no-repeat !important;background-size: cover !important;}&#8221;][vc_column width=&#8221;1\/2&#8243;][vc_gmaps link=&#8221;#E-8_JTNDaWZyYW1lJTIwc3JjJTNEJTIyaHR0cHMlM0ElMkYlMkZ3d3cuZ29vZ2xlLmNvbSUyRm1hcHMlMkZlbWJlZCUzRnBiJTNEJTIxMW0xOCUyMTFtMTIlMjExbTMlMjExZDUzNjMyOS44NDA4OTU4OTkxJTIxMmQxMS44MzU5Mjk2MzQzNzA2MjklMjEzZDU4LjMyNzkyODM3OTk3MDkwNiUyMTJtMyUyMTFmMCUyMTJmMCUyMTNmMCUyMTNtMiUyMTFpMTAyNCUyMTJpNzY4JTIxNGYxMy4xJTIxM20zJTIxMW0yJTIxMXMweDQ2NDVhM2NhODZiYTlkMjklMjUzQTB4ZDZiZjMyNzQ1NDc5MTFhNyUyMTJzQXBvdGVrc2dhdGFuJTI1MjAxMyUyNTJDJTI1MjA0NTMlMjUyMDMzJTI1MjBMeXNla2lsJTIxNWUwJTIxM20yJTIxMXNzdiUyMTJzc2UlMjE0djE1Njg4ODMwNjcwMjAlMjE1bTIlMjExc3N2JTIxMnNzZSUyMiUyMHdpZHRoJTNEJTIyNjAwJTIyJTIwaGVpZ2h0JTNEJTIyNDIwJTIyJTIwZnJhbWVib3JkZXIlM0QlMjIwJTIyJTIwc3R5bGUlM0QlMjJib3JkZXIlM0EwJTNCJTIyJTIwYWxsb3dmdWxsc2NyZWVuJTNEJTIyJTIyJTNFJTNDJTJGaWZyYW1lJTNF&#8221;][\/vc_column][vc_column width=&#8221;1\/2&#8243;][\/vc_column][\/vc_row]\" \/>\n<meta property=\"og:url\" content=\"https:\/\/saltaguiden.se\/en\/contact\/\" \/>\n<meta property=\"og:site_name\" content=\"Salta Guiden\" \/>\n<meta property=\"article:publisher\" content=\"https:\/\/www.facebook.com\/saltaguiden\" \/>\n<meta property=\"article:modified_time\" content=\"2024-09-26T14:38:51+00:00\" \/>\n<meta name=\"twitter:card\" content=\"summary_large_image\" \/>\n<meta name=\"twitter:label1\" content=\"Est. reading time\" \/>\n\t<meta name=\"twitter:data1\" content=\"1 minute\" \/>\n<script type=\"application\/ld+json\" class=\"yoast-schema-graph\">{\"@context\":\"https:\\\/\\\/schema.org\",\"@graph\":[{\"@type\":\"WebPage\",\"@id\":\"https:\\\/\\\/saltaguiden.se\\\/en\\\/contact\\\/\",\"url\":\"https:\\\/\\\/saltaguiden.se\\\/en\\\/contact\\\/\",\"name\":\"Contact | Salta Guiden\",\"isPartOf\":{\"@id\":\"https:\\\/\\\/saltaguiden.se\\\/#website\"},\"datePublished\":\"2019-09-19T08:17:33+00:00\",\"dateModified\":\"2024-09-26T14:38:51+00:00\",\"breadcrumb\":{\"@id\":\"https:\\\/\\\/saltaguiden.se\\\/en\\\/contact\\\/#breadcrumb\"},\"inLanguage\":\"en-US\",\"potentialAction\":[{\"@type\":\"ReadAction\",\"target\":[\"https:\\\/\\\/saltaguiden.se\\\/en\\\/contact\\\/\"]}]},{\"@type\":\"BreadcrumbList\",\"@id\":\"https:\\\/\\\/saltaguiden.se\\\/en\\\/contact\\\/#breadcrumb\",\"itemListElement\":[{\"@type\":\"ListItem\",\"position\":1,\"name\":\"Home\",\"item\":\"https:\\\/\\\/saltaguiden.se\\\/en\\\/\"},{\"@type\":\"ListItem\",\"position\":2,\"name\":\"Contact\"}]},{\"@type\":\"WebSite\",\"@id\":\"https:\\\/\\\/saltaguiden.se\\\/#website\",\"url\":\"https:\\\/\\\/saltaguiden.se\\\/\",\"name\":\"Salta Guiden West Sweden\",\"description\":\"En till WordPress-webbplats\",\"publisher\":{\"@id\":\"https:\\\/\\\/saltaguiden.se\\\/#organization\"},\"potentialAction\":[{\"@type\":\"SearchAction\",\"target\":{\"@type\":\"EntryPoint\",\"urlTemplate\":\"https:\\\/\\\/saltaguiden.se\\\/?s={search_term_string}\"},\"query-input\":{\"@type\":\"PropertyValueSpecification\",\"valueRequired\":true,\"valueName\":\"search_term_string\"}}],\"inLanguage\":\"en-US\"},{\"@type\":\"Organization\",\"@id\":\"https:\\\/\\\/saltaguiden.se\\\/#organization\",\"name\":\"Salta Guiden\",\"url\":\"https:\\\/\\\/saltaguiden.se\\\/\",\"logo\":{\"@type\":\"ImageObject\",\"inLanguage\":\"en-US\",\"@id\":\"https:\\\/\\\/saltaguiden.se\\\/#\\\/schema\\\/logo\\\/image\\\/\",\"url\":\"https:\\\/\\\/saltaguiden.se\\\/wp-content\\\/uploads\\\/2020\\\/07\\\/logo_salta_guiden.jpg\",\"contentUrl\":\"https:\\\/\\\/saltaguiden.se\\\/wp-content\\\/uploads\\\/2020\\\/07\\\/logo_salta_guiden.jpg\",\"width\":184,\"height\":35,\"caption\":\"Salta Guiden\"},\"image\":{\"@id\":\"https:\\\/\\\/saltaguiden.se\\\/#\\\/schema\\\/logo\\\/image\\\/\"},\"sameAs\":[\"https:\\\/\\\/www.facebook.com\\\/saltaguiden\",\"https:\\\/\\\/www.instagram.com\\\/bohuslanguidedtours\\\/\"]}]}<\/script>\n<!-- \/ Yoast SEO plugin. -->","yoast_head_json":{"title":"Contact | Salta Guiden","robots":{"index":"index","follow":"follow","max-snippet":"max-snippet:-1","max-image-preview":"max-image-preview:large","max-video-preview":"max-video-preview:-1"},"canonical":"https:\/\/saltaguiden.se\/en\/contact\/","og_locale":"en_US","og_type":"article","og_title":"Contact | Salta Guiden","og_description":"[vc_row full_width=&#8221;stretch_row&#8221; content_placement=&#8221;middle&#8221; css=&#8221;.vc_custom_1503196142632{padding-top: 60px !important;padding-bottom: 40px !important;background-color: #383d47 !important;}&#8221;][vc_column width=&#8221;1\/3&#8243;][\/vc_column][vc_column width=&#8221;1\/3&#8243;][\/vc_column][vc_column width=&#8221;1\/3&#8243;][\/vc_column][\/vc_row][vc_row full_width=&#8221;stretch_row&#8221; column_spacing=&#8221;60&#8243; css=&#8221;.vc_custom_1503529621355{padding-top: 60px !important;background-position: center !important;background-repeat: no-repeat !important;background-size: cover !important;}&#8221;][vc_column width=&#8221;1\/2&#8243;][vc_gmaps link=&#8221;#E-8_JTNDaWZyYW1lJTIwc3JjJTNEJTIyaHR0cHMlM0ElMkYlMkZ3d3cuZ29vZ2xlLmNvbSUyRm1hcHMlMkZlbWJlZCUzRnBiJTNEJTIxMW0xOCUyMTFtMTIlMjExbTMlMjExZDUzNjMyOS44NDA4OTU4OTkxJTIxMmQxMS44MzU5Mjk2MzQzNzA2MjklMjEzZDU4LjMyNzkyODM3OTk3MDkwNiUyMTJtMyUyMTFmMCUyMTJmMCUyMTNmMCUyMTNtMiUyMTFpMTAyNCUyMTJpNzY4JTIxNGYxMy4xJTIxM20zJTIxMW0yJTIxMXMweDQ2NDVhM2NhODZiYTlkMjklMjUzQTB4ZDZiZjMyNzQ1NDc5MTFhNyUyMTJzQXBvdGVrc2dhdGFuJTI1MjAxMyUyNTJDJTI1MjA0NTMlMjUyMDMzJTI1MjBMeXNla2lsJTIxNWUwJTIxM20yJTIxMXNzdiUyMTJzc2UlMjE0djE1Njg4ODMwNjcwMjAlMjE1bTIlMjExc3N2JTIxMnNzZSUyMiUyMHdpZHRoJTNEJTIyNjAwJTIyJTIwaGVpZ2h0JTNEJTIyNDIwJTIyJTIwZnJhbWVib3JkZXIlM0QlMjIwJTIyJTIwc3R5bGUlM0QlMjJib3JkZXIlM0EwJTNCJTIyJTIwYWxsb3dmdWxsc2NyZWVuJTNEJTIyJTIyJTNFJTNDJTJGaWZyYW1lJTNF&#8221;][\/vc_column][vc_column width=&#8221;1\/2&#8243;][\/vc_column][\/vc_row]","og_url":"https:\/\/saltaguiden.se\/en\/contact\/","og_site_name":"Salta Guiden","article_publisher":"https:\/\/www.facebook.com\/saltaguiden","article_modified_time":"2024-09-26T14:38:51+00:00","twitter_card":"summary_large_image","twitter_misc":{"Est. reading time":"1 minute"},"schema":{"@context":"https:\/\/schema.org","@graph":[{"@type":"WebPage","@id":"https:\/\/saltaguiden.se\/en\/contact\/","url":"https:\/\/saltaguiden.se\/en\/contact\/","name":"Contact | Salta Guiden","isPartOf":{"@id":"https:\/\/saltaguiden.se\/#website"},"datePublished":"2019-09-19T08:17:33+00:00","dateModified":"2024-09-26T14:38:51+00:00","breadcrumb":{"@id":"https:\/\/saltaguiden.se\/en\/contact\/#breadcrumb"},"inLanguage":"en-US","potentialAction":[{"@type":"ReadAction","target":["https:\/\/saltaguiden.se\/en\/contact\/"]}]},{"@type":"BreadcrumbList","@id":"https:\/\/saltaguiden.se\/en\/contact\/#breadcrumb","itemListElement":[{"@type":"ListItem","position":1,"name":"Home","item":"https:\/\/saltaguiden.se\/en\/"},{"@type":"ListItem","position":2,"name":"Contact"}]},{"@type":"WebSite","@id":"https:\/\/saltaguiden.se\/#website","url":"https:\/\/saltaguiden.se\/","name":"Salta Guiden West Sweden","description":"En till WordPress-webbplats","publisher":{"@id":"https:\/\/saltaguiden.se\/#organization"},"potentialAction":[{"@type":"SearchAction","target":{"@type":"EntryPoint","urlTemplate":"https:\/\/saltaguiden.se\/?s={search_term_string}"},"query-input":{"@type":"PropertyValueSpecification","valueRequired":true,"valueName":"search_term_string"}}],"inLanguage":"en-US"},{"@type":"Organization","@id":"https:\/\/saltaguiden.se\/#organization","name":"Salta Guiden","url":"https:\/\/saltaguiden.se\/","logo":{"@type":"ImageObject","inLanguage":"en-US","@id":"https:\/\/saltaguiden.se\/#\/schema\/logo\/image\/","url":"https:\/\/saltaguiden.se\/wp-content\/uploads\/2020\/07\/logo_salta_guiden.jpg","contentUrl":"https:\/\/saltaguiden.se\/wp-content\/uploads\/2020\/07\/logo_salta_guiden.jpg","width":184,"height":35,"caption":"Salta Guiden"},"image":{"@id":"https:\/\/saltaguiden.se\/#\/schema\/logo\/image\/"},"sameAs":["https:\/\/www.facebook.com\/saltaguiden","https:\/\/www.instagram.com\/bohuslanguidedtours\/"]}]}},"_links":{"self":[{"href":"https:\/\/saltaguiden.se\/en\/wp-json\/wp\/v2\/pages\/1127","targetHints":{"allow":["GET"]}}],"collection":[{"href":"https:\/\/saltaguiden.se\/en\/wp-json\/wp\/v2\/pages"}],"about":[{"href":"https:\/\/saltaguiden.se\/en\/wp-json\/wp\/v2\/types\/page"}],"author":[{"embeddable":true,"href":"https:\/\/saltaguiden.se\/en\/wp-json\/wp\/v2\/users\/1"}],"replies":[{"embeddable":true,"href":"https:\/\/saltaguiden.se\/en\/wp-json\/wp\/v2\/comments?post=1127"}],"version-history":[{"count":9,"href":"https:\/\/saltaguiden.se\/en\/wp-json\/wp\/v2\/pages\/1127\/revisions"}],"predecessor-version":[{"id":6280,"href":"https:\/\/saltaguiden.se\/en\/wp-json\/wp\/v2\/pages\/1127\/revisions\/6280"}],"wp:attachment":[{"href":"https:\/\/saltaguiden.se\/en\/wp-json\/wp\/v2\/media?parent=1127"}],"curies":[{"name":"wp","href":"https:\/\/api.w.org\/{rel}","templated":true}]}}